{"id":75,"date":"2021-12-18T17:24:54","date_gmt":"2021-12-18T17:24:54","guid":{"rendered":"http:\/\/sanitressa.com\/?page_id=75"},"modified":"2024-12-02T14:19:58","modified_gmt":"2024-12-02T14:19:58","slug":"aviso-legal","status":"publish","type":"page","link":"https:\/\/sanitressa.com\/index.php\/aviso-legal\/","title":{"rendered":"Aviso Legal"},"content":{"rendered":"\t\t<div data-elementor-type=\"wp-page\" data-elementor-id=\"75\" class=\"elementor elementor-75\">\n\t\t\t\t\t\t<section class=\"elementor-section elementor-top-section elementor-element elementor-element-29e3c531 elementor-section-boxed elementor-section-height-default elementor-section-height-default\" data-id=\"29e3c531\" data-element_type=\"section\">\n\t\t\t\t\t\t<div class=\"elementor-container elementor-column-gap-default\">\n\t\t\t\t\t<div class=\"elementor-column elementor-col-100 elementor-top-column elementor-element elementor-element-60be8319\" data-id=\"60be8319\" data-element_type=\"column\">\n\t\t\t<div class=\"elementor-widget-wrap elementor-element-populated\">\n\t\t\t\t\t\t<div class=\"elementor-element elementor-element-a856005 elementor-widget elementor-widget-text-editor\" data-id=\"a856005\" data-element_type=\"widget\" data-widget_type=\"text-editor.default\">\n\t\t\t\t<div class=\"elementor-widget-container\">\n\t\t\t\t\t\t\t<p>El presente\u00a0<strong>AVISO LEGAL<\/strong>\u00a0de\u00a0<strong>SANITRES S.A.<\/strong>\u00a0 regula los derechos y obligaciones, en relaci\u00f3n al acceso, navegaci\u00f3n y utilizaci\u00f3n de la presente web sin perjuicio de que <strong>SANITRES S.A.<\/strong>\u00a0se reserve el derecho a modificar, sin previo aviso, su contenido, siendo vigentes las que se encuentren publicadas en el momento de navegaci\u00f3n.<\/p><p>\u00a0<\/p><p>Mediante la navegaci\u00f3n, visualizaci\u00f3n y uso de esta web adquieres la condici\u00f3n de usuario y por tanto implica por tu parte la aceptaci\u00f3n expresa de todas las cl\u00e1usulas que indicamos en el presente Aviso Legal, as\u00ed como el resto de advertencias o cl\u00e1usulas espec\u00edficas que se establezcan en las diferentes secciones para la contrataci\u00f3n, uso de servicios, productos, inscripciones, o secciones de la P\u00e1gina.<\/p><p>\u00a0<\/p><p>Por lo que en caso de no aceptar las cl\u00e1usulas establecidas en el presente Aviso Legal, deber\u00e1s abstenerte de acceder y\/o utilizar los servicios y\/o contenidos puestos a tu disposici\u00f3n en la P\u00e1gina, procediendo a abandonar la misma.<\/p><p><strong>SANITRES S.A.<\/strong>\u00a0podr\u00e1 dar por terminado, suspender o interrumpir, en cualquier momento sin necesidad de previo aviso, el acceso a los contenidos de la p\u00e1gina, sin posibilidad por parte del Usuario de exigir indemnizaci\u00f3n alguna. No obstante, en el caso de cierre de la plataforma, se tratar\u00e1 de devolver todo pago que se haya realizado por suscripciones anuales no completadas.<\/p><p>\u00a0<\/p><h3><strong>Informaci\u00f3n Personal y Fiscal del Responsable de la Web<\/strong><\/h3><p>\u00a0<\/p><p>Esta web, sanitressa.com , pertenece a <strong>SANITRES S.A.<\/strong><\/p><p>\u00a0<\/p><p>Domicilio del responsable de la web:\u00a0 argentina.<\/p><p>\u00a0<\/p><p>\u00a0<\/p><h3><strong>Forma de Ingresos<\/strong><\/h3><p>\u00a0<\/p><p>Obtenemos ingresos de m\u00faltiples formas.<\/p>\t\t\t\t\t\t<\/div>\n\t\t\t\t<\/div>\n\t\t\t\t\t<\/div>\n\t\t<\/div>\n\t\t\t\t\t<\/div>\n\t\t<\/section>\n\t\t\t\t<\/div>\n\t\t","protected":false},"excerpt":{"rendered":"<p>El presente\u00a0AVISO LEGAL\u00a0de\u00a0SANITRES S.A.\u00a0 regula los derechos y obligaciones, en relaci\u00f3n al acceso, navegaci\u00f3n y utilizaci\u00f3n de la presente web sin perjuicio de que SANITRES S.A.\u00a0se reserve el derecho a modificar, sin previo aviso, su contenido, siendo vigentes las que se encuentren publicadas en el momento de navegaci\u00f3n. \u00a0 Mediante la navegaci\u00f3n, visualizaci\u00f3n y uso [&hellip;]<\/p>\n","protected":false},"author":1,"featured_media":0,"parent":0,"menu_order":0,"comment_status":"closed","ping_status":"closed","template":"","meta":{"footnotes":""},"class_list":["post-75","page","type-page","status-publish","hentry","entry"],"yoast_head":"<!-- This site is optimized with the Yoast SEO plugin v27.5 - https:\/\/yoast.com\/product\/yoast-seo-wordpress\/ -->\n<title>Aviso Legal -<\/title>\n<meta name=\"robots\" content=\"index, follow, max-snippet:-1, max-image-preview:large, max-video-preview:-1\" \/>\n<link rel=\"canonical\" href=\"https:\/\/sanitressa.com\/index.php\/aviso-legal\/\" \/>\n<meta property=\"og:locale\" content=\"es_ES\" \/>\n<meta property=\"og:type\" content=\"article\" \/>\n<meta property=\"og:title\" content=\"Aviso Legal -\" \/>\n<meta property=\"og:description\" content=\"El presente\u00a0AVISO LEGAL\u00a0de\u00a0SANITRES S.A.\u00a0 regula los derechos y obligaciones, en relaci\u00f3n al acceso, navegaci\u00f3n y utilizaci\u00f3n de la presente web sin perjuicio de que SANITRES S.A.\u00a0se reserve el derecho a modificar, sin previo aviso, su contenido, siendo vigentes las que se encuentren publicadas en el momento de navegaci\u00f3n. \u00a0 Mediante la navegaci\u00f3n, visualizaci\u00f3n y uso [&hellip;]\" \/>\n<meta property=\"og:url\" content=\"https:\/\/sanitressa.com\/index.php\/aviso-legal\/\" \/>\n<meta property=\"article:modified_time\" content=\"2024-12-02T14:19:58+00:00\" \/>\n<meta name=\"twitter:card\" content=\"summary_large_image\" \/>\n<meta name=\"twitter:label1\" content=\"Tiempo de lectura\" \/>\n\t<meta name=\"twitter:data1\" content=\"2 minutos\" \/>\n<script type=\"application\/ld+json\" class=\"yoast-schema-graph\">{\"@context\":\"https:\\\/\\\/schema.org\",\"@graph\":[{\"@type\":\"WebPage\",\"@id\":\"https:\\\/\\\/sanitressa.com\\\/index.php\\\/aviso-legal\\\/\",\"url\":\"https:\\\/\\\/sanitressa.com\\\/index.php\\\/aviso-legal\\\/\",\"name\":\"Aviso Legal -\",\"isPartOf\":{\"@id\":\"https:\\\/\\\/sanitressa.com\\\/#website\"},\"datePublished\":\"2021-12-18T17:24:54+00:00\",\"dateModified\":\"2024-12-02T14:19:58+00:00\",\"breadcrumb\":{\"@id\":\"https:\\\/\\\/sanitressa.com\\\/index.php\\\/aviso-legal\\\/#breadcrumb\"},\"inLanguage\":\"es\",\"potentialAction\":[{\"@type\":\"ReadAction\",\"target\":[\"https:\\\/\\\/sanitressa.com\\\/index.php\\\/aviso-legal\\\/\"]}]},{\"@type\":\"BreadcrumbList\",\"@id\":\"https:\\\/\\\/sanitressa.com\\\/index.php\\\/aviso-legal\\\/#breadcrumb\",\"itemListElement\":[{\"@type\":\"ListItem\",\"position\":1,\"name\":\"Portada\",\"item\":\"https:\\\/\\\/sanitressa.com\\\/\"},{\"@type\":\"ListItem\",\"position\":2,\"name\":\"Aviso Legal\"}]},{\"@type\":\"WebSite\",\"@id\":\"https:\\\/\\\/sanitressa.com\\\/#website\",\"url\":\"https:\\\/\\\/sanitressa.com\\\/\",\"name\":\"\",\"description\":\"\",\"potentialAction\":[{\"@type\":\"SearchAction\",\"target\":{\"@type\":\"EntryPoint\",\"urlTemplate\":\"https:\\\/\\\/sanitressa.com\\\/?s={search_term_string}\"},\"query-input\":{\"@type\":\"PropertyValueSpecification\",\"valueRequired\":true,\"valueName\":\"search_term_string\"}}],\"inLanguage\":\"es\"}]}<\/script>\n<!-- \/ Yoast SEO plugin. -->","yoast_head_json":{"title":"Aviso Legal -","robots":{"index":"index","follow":"follow","max-snippet":"max-snippet:-1","max-image-preview":"max-image-preview:large","max-video-preview":"max-video-preview:-1"},"canonical":"https:\/\/sanitressa.com\/index.php\/aviso-legal\/","og_locale":"es_ES","og_type":"article","og_title":"Aviso Legal -","og_description":"El presente\u00a0AVISO LEGAL\u00a0de\u00a0SANITRES S.A.\u00a0 regula los derechos y obligaciones, en relaci\u00f3n al acceso, navegaci\u00f3n y utilizaci\u00f3n de la presente web sin perjuicio de que SANITRES S.A.\u00a0se reserve el derecho a modificar, sin previo aviso, su contenido, siendo vigentes las que se encuentren publicadas en el momento de navegaci\u00f3n. \u00a0 Mediante la navegaci\u00f3n, visualizaci\u00f3n y uso [&hellip;]","og_url":"https:\/\/sanitressa.com\/index.php\/aviso-legal\/","article_modified_time":"2024-12-02T14:19:58+00:00","twitter_card":"summary_large_image","twitter_misc":{"Tiempo de lectura":"2 minutos"},"schema":{"@context":"https:\/\/schema.org","@graph":[{"@type":"WebPage","@id":"https:\/\/sanitressa.com\/index.php\/aviso-legal\/","url":"https:\/\/sanitressa.com\/index.php\/aviso-legal\/","name":"Aviso Legal -","isPartOf":{"@id":"https:\/\/sanitressa.com\/#website"},"datePublished":"2021-12-18T17:24:54+00:00","dateModified":"2024-12-02T14:19:58+00:00","breadcrumb":{"@id":"https:\/\/sanitressa.com\/index.php\/aviso-legal\/#breadcrumb"},"inLanguage":"es","potentialAction":[{"@type":"ReadAction","target":["https:\/\/sanitressa.com\/index.php\/aviso-legal\/"]}]},{"@type":"BreadcrumbList","@id":"https:\/\/sanitressa.com\/index.php\/aviso-legal\/#breadcrumb","itemListElement":[{"@type":"ListItem","position":1,"name":"Portada","item":"https:\/\/sanitressa.com\/"},{"@type":"ListItem","position":2,"name":"Aviso Legal"}]},{"@type":"WebSite","@id":"https:\/\/sanitressa.com\/#website","url":"https:\/\/sanitressa.com\/","name":"","description":"","potentialAction":[{"@type":"SearchAction","target":{"@type":"EntryPoint","urlTemplate":"https:\/\/sanitressa.com\/?s={search_term_string}"},"query-input":{"@type":"PropertyValueSpecification","valueRequired":true,"valueName":"search_term_string"}}],"inLanguage":"es"}]}},"_links":{"self":[{"href":"https:\/\/sanitressa.com\/index.php\/wp-json\/wp\/v2\/pages\/75","targetHints":{"allow":["GET"]}}],"collection":[{"href":"https:\/\/sanitressa.com\/index.php\/wp-json\/wp\/v2\/pages"}],"about":[{"href":"https:\/\/sanitressa.com\/index.php\/wp-json\/wp\/v2\/types\/page"}],"author":[{"embeddable":true,"href":"https:\/\/sanitressa.com\/index.php\/wp-json\/wp\/v2\/users\/1"}],"replies":[{"embeddable":true,"href":"https:\/\/sanitressa.com\/index.php\/wp-json\/wp\/v2\/comments?post=75"}],"version-history":[{"count":8,"href":"https:\/\/sanitressa.com\/index.php\/wp-json\/wp\/v2\/pages\/75\/revisions"}],"predecessor-version":[{"id":2502,"href":"https:\/\/sanitressa.com\/index.php\/wp-json\/wp\/v2\/pages\/75\/revisions\/2502"}],"wp:attachment":[{"href":"https:\/\/sanitressa.com\/index.php\/wp-json\/wp\/v2\/media?parent=75"}],"curies":[{"name":"wp","href":"https:\/\/api.w.org\/{rel}","templated":true}]}}