{"id":721,"date":"2022-01-13T00:02:11","date_gmt":"2022-01-13T00:02:11","guid":{"rendered":"https:\/\/sanitressa.com\/?page_id=721"},"modified":"2024-12-02T14:06:00","modified_gmt":"2024-12-02T14:06:00","slug":"presupuestos","status":"publish","type":"page","link":"https:\/\/sanitressa.com\/index.php\/presupuestos\/","title":{"rendered":"Presupuestos"},"content":{"rendered":"\t\t<div data-elementor-type=\"wp-page\" data-elementor-id=\"721\" class=\"elementor elementor-721\">\n\t\t\t\t\t\t<section class=\"elementor-section elementor-top-section elementor-element elementor-element-b965643 elementor-section-height-min-height elementor-section-boxed elementor-section-height-default elementor-section-items-middle\" data-id=\"b965643\" data-element_type=\"section\">\n\t\t\t\t\t\t<div class=\"elementor-container elementor-column-gap-default\">\n\t\t\t\t\t<div class=\"elementor-column elementor-col-100 elementor-top-column elementor-element elementor-element-8110080\" data-id=\"8110080\" data-element_type=\"column\">\n\t\t\t<div class=\"elementor-widget-wrap elementor-element-populated\">\n\t\t\t\t\t\t<div class=\"elementor-element elementor-element-901f493 elementor-widget elementor-widget-heading\" data-id=\"901f493\" data-element_type=\"widget\" data-widget_type=\"heading.default\">\n\t\t\t\t<div class=\"elementor-widget-container\">\n\t\t\t<h1 class=\"elementor-heading-title elementor-size-default\">Presupuestos<\/h1>\t\t<\/div>\n\t\t\t\t<\/div>\n\t\t\t\t\t<\/div>\n\t\t<\/div>\n\t\t\t\t\t<\/div>\n\t\t<\/section>\n\t\t\t\t<section class=\"elementor-section elementor-top-section elementor-element elementor-element-3b8c477 elementor-section-boxed elementor-section-height-default elementor-section-height-default\" data-id=\"3b8c477\" data-element_type=\"section\">\n\t\t\t\t\t\t<div class=\"elementor-container elementor-column-gap-default\">\n\t\t\t\t\t<div class=\"elementor-column elementor-col-50 elementor-top-column elementor-element elementor-element-9ff8a69\" data-id=\"9ff8a69\" data-element_type=\"column\">\n\t\t\t<div class=\"elementor-widget-wrap elementor-element-populated\">\n\t\t\t\t\t\t<div class=\"elementor-element elementor-element-82dc823 elementor-button-align-center elementor-widget elementor-widget-form\" data-id=\"82dc823\" data-element_type=\"widget\" data-settings=\"{&quot;button_width&quot;:&quot;50&quot;,&quot;step_next_label&quot;:&quot;Next&quot;,&quot;step_previous_label&quot;:&quot;Previous&quot;,&quot;step_type&quot;:&quot;number_text&quot;,&quot;step_icon_shape&quot;:&quot;circle&quot;}\" data-widget_type=\"form.default\">\n\t\t\t\t<div class=\"elementor-widget-container\">\n\t\t\t\t\t<form class=\"elementor-form\" method=\"post\" name=\"New Form\">\n\t\t\t<input type=\"hidden\" name=\"post_id\" value=\"721\"\/>\n\t\t\t<input type=\"hidden\" name=\"form_id\" value=\"82dc823\"\/>\n\t\t\t<input type=\"hidden\" name=\"referer_title\" value=\"\" \/>\n\n\t\t\t\n\t\t\t<div class=\"elementor-form-fields-wrapper elementor-labels-above\">\n\t\t\t\t\t\t\t\t<div class=\"elementor-field-type-text elementor-field-group elementor-column elementor-field-group-name elementor-col-100\">\n\t\t\t\t\t\t\t\t\t\t\t\t<label for=\"form-field-name\" class=\"elementor-field-label\">\n\t\t\t\t\t\t\t\tNombre\t\t\t\t\t\t\t<\/label>\n\t\t\t\t\t\t\t\t\t\t\t\t\t\t<input size=\"1\" type=\"text\" name=\"form_fields[name]\" id=\"form-field-name\" class=\"elementor-field elementor-size-sm  elementor-field-textual\" placeholder=\"Name\">\n\t\t\t\t\t\t\t\t\t\t\t<\/div>\n\t\t\t\t\t\t\t\t<div class=\"elementor-field-type-email elementor-field-group elementor-column elementor-field-group-email elementor-col-100 elementor-field-required\">\n\t\t\t\t\t\t\t\t\t\t\t\t<label for=\"form-field-email\" class=\"elementor-field-label\">\n\t\t\t\t\t\t\t\tEmail\t\t\t\t\t\t\t<\/label>\n\t\t\t\t\t\t\t\t\t\t\t\t\t\t<input size=\"1\" type=\"email\" name=\"form_fields[email]\" id=\"form-field-email\" class=\"elementor-field elementor-size-sm  elementor-field-textual\" placeholder=\"Email\" required=\"required\" aria-required=\"true\">\n\t\t\t\t\t\t\t\t\t\t\t<\/div>\n\t\t\t\t\t\t\t\t<div class=\"elementor-field-type-tel elementor-field-group elementor-column elementor-field-group-field_ddd4bd3 elementor-col-70\">\n\t\t\t\t\t\t\t\t\t\t\t\t<label for=\"form-field-field_ddd4bd3\" class=\"elementor-field-label\">\n\t\t\t\t\t\t\t\tTel\u00e9fono\t\t\t\t\t\t\t<\/label>\n\t\t\t\t\t\t\t\t<input size=\"1\" type=\"tel\" name=\"form_fields[field_ddd4bd3]\" id=\"form-field-field_ddd4bd3\" class=\"elementor-field elementor-size-sm  elementor-field-textual\" pattern=\"[0-9()#&amp;+*-=.]+\" title=\"Only numbers and phone characters (#, -, *, etc) are accepted.\">\n\n\t\t\t\t\t\t<\/div>\n\t\t\t\t\t\t\t\t<div class=\"elementor-field-type-textarea elementor-field-group elementor-column elementor-field-group-message elementor-col-100\">\n\t\t\t\t\t\t\t\t\t\t\t\t<label for=\"form-field-message\" class=\"elementor-field-label\">\n\t\t\t\t\t\t\t\tPresupuesto\t\t\t\t\t\t\t<\/label>\n\t\t\t\t\t\t<textarea class=\"elementor-field-textual elementor-field  elementor-size-sm\" name=\"form_fields[message]\" id=\"form-field-message\" rows=\"18\" placeholder=\"Texto\"><\/textarea>\t\t\t\t<\/div>\n\t\t\t\t\t\t\t\t<div class=\"elementor-field-type-textarea elementor-field-group elementor-column elementor-field-group-field_1e3f0c9 elementor-col-100\">\n\t\t\t\t\t\t\t\t\t\t\t\t<label for=\"form-field-field_1e3f0c9\" class=\"elementor-field-label\">\n\t\t\t\t\t\t\t\tMensaje adicional\t\t\t\t\t\t\t<\/label>\n\t\t\t\t\t\t<textarea class=\"elementor-field-textual elementor-field  elementor-size-sm\" name=\"form_fields[field_1e3f0c9]\" id=\"form-field-field_1e3f0c9\" rows=\"18\" placeholder=\"Texto\"><\/textarea>\t\t\t\t<\/div>\n\t\t\t\t\t\t\t\t<div class=\"elementor-field-type-upload elementor-field-group elementor-column elementor-field-group-field_9d98ede elementor-col-100\">\n\t\t\t\t\t\t\t<input type=\"file\" name=\"form_fields[field_9d98ede]\" id=\"form-field-field_9d98ede\" class=\"elementor-field elementor-size-sm  elementor-upload-field\">\n\n\t\t\t\t\t\t<\/div>\n\t\t\t\t\t\t\t\t<div class=\"elementor-field-group elementor-column elementor-field-type-submit elementor-col-50 e-form__buttons\">\n\t\t\t\t\t<button type=\"submit\" class=\"elementor-button elementor-size-lg\">\n\t\t\t\t\t\t<span >\n\t\t\t\t\t\t\t\t\t\t\t\t\t\t\t<span class=\" elementor-button-icon\">\n\t\t\t\t\t\t\t\t\t\t\t\t\t\t\t\t\t\t\t\t\t\t\t\t\t\t<\/span>\n\t\t\t\t\t\t\t\t\t\t\t\t\t\t\t\t\t\t\t\t\t\t<span class=\"elementor-button-text\">Enviar<\/span>\n\t\t\t\t\t\t\t\t\t\t\t\t\t<\/span>\n\t\t\t\t\t<\/button>\n\t\t\t\t<\/div>\n\t\t\t<\/div>\n\t\t<\/form>\n\t\t\t\t<\/div>\n\t\t\t\t<\/div>\n\t\t\t\t\t<\/div>\n\t\t<\/div>\n\t\t\t\t<div class=\"elementor-column elementor-col-50 elementor-top-column elementor-element elementor-element-3bcae53\" data-id=\"3bcae53\" data-element_type=\"column\">\n\t\t\t<div class=\"elementor-widget-wrap elementor-element-populated\">\n\t\t\t\t\t\t<div class=\"elementor-element elementor-element-6cf1a94 elementor-widget elementor-widget-text-editor\" data-id=\"6cf1a94\" data-element_type=\"widget\" data-widget_type=\"text-editor.default\">\n\t\t\t\t<div class=\"elementor-widget-container\">\n\t\t\t\t\t\t\t<p>Detallanos los materiales que necesitas para tu obra y en breve te contactaremos.<\/p>\n<p>Si est\u00e1s fuera del horario de atenci\u00f3n lo recibimos igual y te responderemos en el siguiente d\u00eda.<\/p>\n<p>Pod\u00e9s tambi\u00e9n llamarnos o enviarnos un WhatsApp para confirmar el pedido de presupuesto.<\/p>\n<p>Si lo prefer\u00eds, pod\u00e9s enviarnos un archivo con el detalle seleccionado el bot\u00f3n \u00abseleccionar archivo\u00bb.<\/p>\t\t\t\t\t\t<\/div>\n\t\t\t\t<\/div>\n\t\t\t\t\t<\/div>\n\t\t<\/div>\n\t\t\t\t\t<\/div>\n\t\t<\/section>\n\t\t\t\t<\/div>\n\t\t","protected":false},"excerpt":{"rendered":"<p>Presupuestos Detallanos los materiales que necesitas para tu obra y en breve te contactaremos. Si est\u00e1s fuera del horario de atenci\u00f3n lo recibimos igual y te responderemos en el siguiente d\u00eda. Pod\u00e9s tambi\u00e9n llamarnos o enviarnos un WhatsApp para confirmar el pedido de presupuesto. Si lo prefer\u00eds, pod\u00e9s enviarnos un archivo con el detalle seleccionado [&hellip;]<\/p>\n","protected":false},"author":1,"featured_media":0,"parent":0,"menu_order":0,"comment_status":"closed","ping_status":"closed","template":"","meta":{"footnotes":""},"class_list":["post-721","page","type-page","status-publish","hentry","entry"],"yoast_head":"<!-- This site is optimized with the Yoast SEO plugin v27.5 - https:\/\/yoast.com\/product\/yoast-seo-wordpress\/ -->\n<title>Presupuestos -<\/title>\n<meta name=\"robots\" content=\"index, follow, max-snippet:-1, max-image-preview:large, max-video-preview:-1\" \/>\n<link rel=\"canonical\" href=\"https:\/\/sanitressa.com\/index.php\/presupuestos\/\" \/>\n<meta property=\"og:locale\" content=\"es_ES\" \/>\n<meta property=\"og:type\" content=\"article\" \/>\n<meta property=\"og:title\" content=\"Presupuestos -\" \/>\n<meta property=\"og:description\" content=\"Presupuestos Detallanos los materiales que necesitas para tu obra y en breve te contactaremos. Si est\u00e1s fuera del horario de atenci\u00f3n lo recibimos igual y te responderemos en el siguiente d\u00eda. Pod\u00e9s tambi\u00e9n llamarnos o enviarnos un WhatsApp para confirmar el pedido de presupuesto. Si lo prefer\u00eds, pod\u00e9s enviarnos un archivo con el detalle seleccionado [&hellip;]\" \/>\n<meta property=\"og:url\" content=\"https:\/\/sanitressa.com\/index.php\/presupuestos\/\" \/>\n<meta property=\"article:modified_time\" content=\"2024-12-02T14:06:00+00:00\" \/>\n<meta name=\"twitter:card\" content=\"summary_large_image\" \/>\n<meta name=\"twitter:label1\" content=\"Tiempo de lectura\" \/>\n\t<meta name=\"twitter:data1\" content=\"1 minuto\" \/>\n<script type=\"application\/ld+json\" class=\"yoast-schema-graph\">{\"@context\":\"https:\\\/\\\/schema.org\",\"@graph\":[{\"@type\":\"WebPage\",\"@id\":\"https:\\\/\\\/sanitressa.com\\\/index.php\\\/presupuestos\\\/\",\"url\":\"https:\\\/\\\/sanitressa.com\\\/index.php\\\/presupuestos\\\/\",\"name\":\"Presupuestos -\",\"isPartOf\":{\"@id\":\"https:\\\/\\\/sanitressa.com\\\/#website\"},\"datePublished\":\"2022-01-13T00:02:11+00:00\",\"dateModified\":\"2024-12-02T14:06:00+00:00\",\"breadcrumb\":{\"@id\":\"https:\\\/\\\/sanitressa.com\\\/index.php\\\/presupuestos\\\/#breadcrumb\"},\"inLanguage\":\"es\",\"potentialAction\":[{\"@type\":\"ReadAction\",\"target\":[\"https:\\\/\\\/sanitressa.com\\\/index.php\\\/presupuestos\\\/\"]}]},{\"@type\":\"BreadcrumbList\",\"@id\":\"https:\\\/\\\/sanitressa.com\\\/index.php\\\/presupuestos\\\/#breadcrumb\",\"itemListElement\":[{\"@type\":\"ListItem\",\"position\":1,\"name\":\"Portada\",\"item\":\"https:\\\/\\\/sanitressa.com\\\/\"},{\"@type\":\"ListItem\",\"position\":2,\"name\":\"Presupuestos\"}]},{\"@type\":\"WebSite\",\"@id\":\"https:\\\/\\\/sanitressa.com\\\/#website\",\"url\":\"https:\\\/\\\/sanitressa.com\\\/\",\"name\":\"\",\"description\":\"\",\"potentialAction\":[{\"@type\":\"SearchAction\",\"target\":{\"@type\":\"EntryPoint\",\"urlTemplate\":\"https:\\\/\\\/sanitressa.com\\\/?s={search_term_string}\"},\"query-input\":{\"@type\":\"PropertyValueSpecification\",\"valueRequired\":true,\"valueName\":\"search_term_string\"}}],\"inLanguage\":\"es\"}]}<\/script>\n<!-- \/ Yoast SEO plugin. -->","yoast_head_json":{"title":"Presupuestos -","robots":{"index":"index","follow":"follow","max-snippet":"max-snippet:-1","max-image-preview":"max-image-preview:large","max-video-preview":"max-video-preview:-1"},"canonical":"https:\/\/sanitressa.com\/index.php\/presupuestos\/","og_locale":"es_ES","og_type":"article","og_title":"Presupuestos -","og_description":"Presupuestos Detallanos los materiales que necesitas para tu obra y en breve te contactaremos. Si est\u00e1s fuera del horario de atenci\u00f3n lo recibimos igual y te responderemos en el siguiente d\u00eda. Pod\u00e9s tambi\u00e9n llamarnos o enviarnos un WhatsApp para confirmar el pedido de presupuesto. Si lo prefer\u00eds, pod\u00e9s enviarnos un archivo con el detalle seleccionado [&hellip;]","og_url":"https:\/\/sanitressa.com\/index.php\/presupuestos\/","article_modified_time":"2024-12-02T14:06:00+00:00","twitter_card":"summary_large_image","twitter_misc":{"Tiempo de lectura":"1 minuto"},"schema":{"@context":"https:\/\/schema.org","@graph":[{"@type":"WebPage","@id":"https:\/\/sanitressa.com\/index.php\/presupuestos\/","url":"https:\/\/sanitressa.com\/index.php\/presupuestos\/","name":"Presupuestos -","isPartOf":{"@id":"https:\/\/sanitressa.com\/#website"},"datePublished":"2022-01-13T00:02:11+00:00","dateModified":"2024-12-02T14:06:00+00:00","breadcrumb":{"@id":"https:\/\/sanitressa.com\/index.php\/presupuestos\/#breadcrumb"},"inLanguage":"es","potentialAction":[{"@type":"ReadAction","target":["https:\/\/sanitressa.com\/index.php\/presupuestos\/"]}]},{"@type":"BreadcrumbList","@id":"https:\/\/sanitressa.com\/index.php\/presupuestos\/#breadcrumb","itemListElement":[{"@type":"ListItem","position":1,"name":"Portada","item":"https:\/\/sanitressa.com\/"},{"@type":"ListItem","position":2,"name":"Presupuestos"}]},{"@type":"WebSite","@id":"https:\/\/sanitressa.com\/#website","url":"https:\/\/sanitressa.com\/","name":"","description":"","potentialAction":[{"@type":"SearchAction","target":{"@type":"EntryPoint","urlTemplate":"https:\/\/sanitressa.com\/?s={search_term_string}"},"query-input":{"@type":"PropertyValueSpecification","valueRequired":true,"valueName":"search_term_string"}}],"inLanguage":"es"}]}},"_links":{"self":[{"href":"https:\/\/sanitressa.com\/index.php\/wp-json\/wp\/v2\/pages\/721","targetHints":{"allow":["GET"]}}],"collection":[{"href":"https:\/\/sanitressa.com\/index.php\/wp-json\/wp\/v2\/pages"}],"about":[{"href":"https:\/\/sanitressa.com\/index.php\/wp-json\/wp\/v2\/types\/page"}],"author":[{"embeddable":true,"href":"https:\/\/sanitressa.com\/index.php\/wp-json\/wp\/v2\/users\/1"}],"replies":[{"embeddable":true,"href":"https:\/\/sanitressa.com\/index.php\/wp-json\/wp\/v2\/comments?post=721"}],"version-history":[{"count":40,"href":"https:\/\/sanitressa.com\/index.php\/wp-json\/wp\/v2\/pages\/721\/revisions"}],"predecessor-version":[{"id":2490,"href":"https:\/\/sanitressa.com\/index.php\/wp-json\/wp\/v2\/pages\/721\/revisions\/2490"}],"wp:attachment":[{"href":"https:\/\/sanitressa.com\/index.php\/wp-json\/wp\/v2\/media?parent=721"}],"curies":[{"name":"wp","href":"https:\/\/api.w.org\/{rel}","templated":true}]}}