{"id":709,"date":"2022-01-12T20:50:04","date_gmt":"2022-01-12T20:50:04","guid":{"rendered":"https:\/\/sanitressa.com\/?page_id=709"},"modified":"2024-12-02T13:21:40","modified_gmt":"2024-12-02T13:21:40","slug":"nosotros","status":"publish","type":"page","link":"https:\/\/sanitressa.com\/index.php\/nosotros\/","title":{"rendered":"Nosotros"},"content":{"rendered":"\t\t<div data-elementor-type=\"wp-page\" data-elementor-id=\"709\" class=\"elementor elementor-709\">\n\t\t\t\t\t\t<section class=\"elementor-section elementor-top-section elementor-element elementor-element-c8d6c91 elementor-section-height-min-height elementor-section-boxed elementor-section-height-default elementor-section-items-middle\" data-id=\"c8d6c91\" data-element_type=\"section\">\n\t\t\t\t\t\t<div class=\"elementor-container elementor-column-gap-default\">\n\t\t\t\t\t<div class=\"elementor-column elementor-col-100 elementor-top-column elementor-element elementor-element-81a0847\" data-id=\"81a0847\" data-element_type=\"column\">\n\t\t\t<div class=\"elementor-widget-wrap elementor-element-populated\">\n\t\t\t\t\t\t<div class=\"elementor-element elementor-element-8cbdf3d elementor-widget elementor-widget-heading\" data-id=\"8cbdf3d\" data-element_type=\"widget\" data-widget_type=\"heading.default\">\n\t\t\t\t<div class=\"elementor-widget-container\">\n\t\t\t<h1 class=\"elementor-heading-title elementor-size-default\">\u00bfQui\u00e9nes somos?<\/h1>\t\t<\/div>\n\t\t\t\t<\/div>\n\t\t\t\t\t<\/div>\n\t\t<\/div>\n\t\t\t\t\t<\/div>\n\t\t<\/section>\n\t\t\t\t<section class=\"elementor-section elementor-top-section elementor-element elementor-element-375eb96 elementor-section-boxed elementor-section-height-default elementor-section-height-default\" data-id=\"375eb96\" data-element_type=\"section\">\n\t\t\t\t\t\t<div class=\"elementor-container elementor-column-gap-default\">\n\t\t\t\t\t<div class=\"elementor-column elementor-col-100 elementor-top-column elementor-element elementor-element-0b62d36\" data-id=\"0b62d36\" data-element_type=\"column\" data-settings=\"{&quot;background_background&quot;:&quot;classic&quot;}\">\n\t\t\t<div class=\"elementor-widget-wrap elementor-element-populated\">\n\t\t\t\t\t\t<div class=\"elementor-element elementor-element-04141ec elementor-widget elementor-widget-text-editor\" data-id=\"04141ec\" data-element_type=\"widget\" data-widget_type=\"text-editor.default\">\n\t\t\t\t<div class=\"elementor-widget-container\">\n\t\t\t\t\t\t\t<h4 style=\"text-align: center;\"><span style=\"color: #333333;\"><strong><i>Sanitres<\/i><\/strong><span style=\"font-weight: 400;\"> es una empresa familiar de Tres Arroyos dedicada a la comercializaci\u00f3n de materiales\u00a0 de construcci\u00f3n.\u00a0<\/span><\/span><\/h4><h4 style=\"text-align: center;\"><span style=\"color: #333333;\"><span style=\"font-weight: 400;\">Naci\u00f3 en 1949 cuando Hernan P\u00e9rez y sus tres hermanos comenzaron a fabricar mosaicos y baldosones en una modesta f\u00e1brica que fueron erigiendo con esfuerzo en la alejada calle\u00a0 Alsina al 500 del <\/span><b>Tres Arroyos<\/b><span style=\"font-weight: 400;\"> de los a\u00f1os \u201840.\u00a0<\/span><\/span><\/h4><h4 style=\"text-align: center;\"><span style=\"font-weight: 400; color: #333333;\">Con el correr de los a\u00f1os la ciudad y la zona creci\u00f3 y se fue desarrollando. Los hermanos P\u00e9rez\u00a0 acompa\u00f1aron esa expansi\u00f3n y as\u00ed el negocio cada vez abarc\u00f3 m\u00e1s y nuevos segmentos.\u00a0<\/span><\/h4><h4 style=\"text-align: center;\"><span style=\"font-weight: 400; color: #333333;\">Llego la segunda generaci\u00f3n y la mayor\u00eda se involucraron con el negocio. Tiempos de crisis familiares y del pa\u00eds golpearon en los \u201890 a la empresa. Pese a todo se sigui\u00f3\u00a0 adelante y lleg\u00f3 la tercera generaci\u00f3n que trajo aire fresco e ideas renovadoras.\u00a0\u00a0<\/span><\/h4><h4 style=\"text-align: center;\"><span style=\"font-weight: 400; color: #333333;\">Una apuesta m\u00e1s fuerte se hizo en <strong>San Pedro<\/strong> en el a\u00f1o 2012 abriendo una nueva sucursal. En\u00a0 pocos a\u00f1os la firma logr\u00f3 plasmar su trayectoria y conocimiento en una nueva regi\u00f3n\u00a0 posicion\u00e1ndose r\u00e1pidamente como l\u00edder local y regional en ventas.\u00a0<\/span><\/h4><h4 style=\"text-align: center;\"><span style=\"color: #333333;\"><span style=\"font-weight: 400;\">En 2020 abrimos un punto de venta en <\/span><b>Trelew<\/b><span style=\"font-weight: 400;\">, Chubut. Este desafio en el sur pone a prueba\u00a0 uno de nuestros puntos de fuerte identificaci\u00f3n: la climatizaci\u00f3n. En un clima hostil, donde el\u00a0 frio es un factor clim\u00e1tico condicionante comenzamos a desarrollar este negocio que nos\u00a0 pondr\u00e1 a prueba nuestros conocimientos en la materia y nos exige humildad para aprender de\u00a0 las nuevas experiencias.\u00a0<\/span><\/span><\/h4><h4 style=\"text-align: center;\"><span style=\"color: #333333;\"><span style=\"font-weight: 400;\">En 2022 llega un nuevo desafio: <\/span><b>Necochea<\/b><span style=\"font-weight: 400;\">. Estamos abriendo nuestra nueva sucursal donde\u00a0 tenemos las mismas expectativas e ilusiones de desarrollarnos y acompa\u00f1ar a nuestros clientes\u00a0 en la concreci\u00f3n de sus obras, como lo so\u00f1aron los viejos en los a\u00f1os \u201940.\u00a0<\/span><\/span><\/h4><h4 style=\"text-align: center;\"><span style=\"font-weight: 400; color: #333333;\">Representamos oficialmente las marcas l\u00edderes del mercado en lo referido a instalaciones,\u00a0 calefacci\u00f3n, sanitarios, grifer\u00edas, porcelanatos, cer\u00e1micas, aberturas y cocina entre otros\u00a0 rubros. Siempre hemos representado estas firmas con el orgullo y la responsabilidad que\u00a0 implica la confianza que nos han brindado al darnos sus nombres para que diariamente los\u00a0 comercialicemos.\u00a0<\/span><\/h4><h4 style=\"text-align: center;\"><span style=\"font-weight: 400; color: #333333;\">Nuestra premisa de buena atenci\u00f3n es innegociable para la gente que forma nuestros equipos\u00a0 de trabajo. El asesoramiento en nuestros locales como en obras es un compromiso asumido\u00a0 desde el primer saludo.\u00a0<\/span><\/h4><h4 style=\"text-align: center;\"><span style=\"color: #333333;\"><span style=\"font-weight: 400;\">Nuestro orgullo es acompa\u00f1arlos en sus proyectos civiles y poder decir con que <\/span><i><span style=\"font-weight: 400;\">\u201c<\/span><b>si compr\u00e1s en Sanitres, sab\u00e9s que compr\u00e1s\u00bb<\/b><\/i><\/span><\/h4>\t\t\t\t\t\t<\/div>\n\t\t\t\t<\/div>\n\t\t\t\t\t<\/div>\n\t\t<\/div>\n\t\t\t\t\t<\/div>\n\t\t<\/section>\n\t\t\t\t<\/div>\n\t\t","protected":false},"excerpt":{"rendered":"<p>\u00bfQui\u00e9nes somos? Sanitres es una empresa familiar de Tres Arroyos dedicada a la comercializaci\u00f3n de materiales\u00a0 de construcci\u00f3n.\u00a0 Naci\u00f3 en 1949 cuando Hernan P\u00e9rez y sus tres hermanos comenzaron a fabricar mosaicos y baldosones en una modesta f\u00e1brica que fueron erigiendo con esfuerzo en la alejada calle\u00a0 Alsina al 500 del Tres Arroyos de los [&hellip;]<\/p>\n","protected":false},"author":1,"featured_media":0,"parent":0,"menu_order":0,"comment_status":"closed","ping_status":"closed","template":"","meta":{"footnotes":""},"class_list":["post-709","page","type-page","status-publish","hentry","entry"],"yoast_head":"<!-- This site is optimized with the Yoast SEO plugin v27.5 - https:\/\/yoast.com\/product\/yoast-seo-wordpress\/ -->\n<title>Nosotros -<\/title>\n<meta name=\"robots\" content=\"index, follow, max-snippet:-1, max-image-preview:large, max-video-preview:-1\" \/>\n<link rel=\"canonical\" href=\"https:\/\/sanitressa.com\/index.php\/nosotros\/\" \/>\n<meta property=\"og:locale\" content=\"es_ES\" \/>\n<meta property=\"og:type\" content=\"article\" \/>\n<meta property=\"og:title\" content=\"Nosotros -\" \/>\n<meta property=\"og:description\" content=\"\u00bfQui\u00e9nes somos? Sanitres es una empresa familiar de Tres Arroyos dedicada a la comercializaci\u00f3n de materiales\u00a0 de construcci\u00f3n.\u00a0 Naci\u00f3 en 1949 cuando Hernan P\u00e9rez y sus tres hermanos comenzaron a fabricar mosaicos y baldosones en una modesta f\u00e1brica que fueron erigiendo con esfuerzo en la alejada calle\u00a0 Alsina al 500 del Tres Arroyos de los [&hellip;]\" \/>\n<meta property=\"og:url\" content=\"https:\/\/sanitressa.com\/index.php\/nosotros\/\" \/>\n<meta property=\"article:modified_time\" content=\"2024-12-02T13:21:40+00:00\" \/>\n<meta name=\"twitter:card\" content=\"summary_large_image\" \/>\n<meta name=\"twitter:label1\" content=\"Tiempo de lectura\" \/>\n\t<meta name=\"twitter:data1\" content=\"2 minutos\" \/>\n<script type=\"application\/ld+json\" class=\"yoast-schema-graph\">{\"@context\":\"https:\\\/\\\/schema.org\",\"@graph\":[{\"@type\":\"WebPage\",\"@id\":\"https:\\\/\\\/sanitressa.com\\\/index.php\\\/nosotros\\\/\",\"url\":\"https:\\\/\\\/sanitressa.com\\\/index.php\\\/nosotros\\\/\",\"name\":\"Nosotros -\",\"isPartOf\":{\"@id\":\"https:\\\/\\\/sanitressa.com\\\/#website\"},\"datePublished\":\"2022-01-12T20:50:04+00:00\",\"dateModified\":\"2024-12-02T13:21:40+00:00\",\"breadcrumb\":{\"@id\":\"https:\\\/\\\/sanitressa.com\\\/index.php\\\/nosotros\\\/#breadcrumb\"},\"inLanguage\":\"es\",\"potentialAction\":[{\"@type\":\"ReadAction\",\"target\":[\"https:\\\/\\\/sanitressa.com\\\/index.php\\\/nosotros\\\/\"]}]},{\"@type\":\"BreadcrumbList\",\"@id\":\"https:\\\/\\\/sanitressa.com\\\/index.php\\\/nosotros\\\/#breadcrumb\",\"itemListElement\":[{\"@type\":\"ListItem\",\"position\":1,\"name\":\"Portada\",\"item\":\"https:\\\/\\\/sanitressa.com\\\/\"},{\"@type\":\"ListItem\",\"position\":2,\"name\":\"Nosotros\"}]},{\"@type\":\"WebSite\",\"@id\":\"https:\\\/\\\/sanitressa.com\\\/#website\",\"url\":\"https:\\\/\\\/sanitressa.com\\\/\",\"name\":\"\",\"description\":\"\",\"potentialAction\":[{\"@type\":\"SearchAction\",\"target\":{\"@type\":\"EntryPoint\",\"urlTemplate\":\"https:\\\/\\\/sanitressa.com\\\/?s={search_term_string}\"},\"query-input\":{\"@type\":\"PropertyValueSpecification\",\"valueRequired\":true,\"valueName\":\"search_term_string\"}}],\"inLanguage\":\"es\"}]}<\/script>\n<!-- \/ Yoast SEO plugin. -->","yoast_head_json":{"title":"Nosotros -","robots":{"index":"index","follow":"follow","max-snippet":"max-snippet:-1","max-image-preview":"max-image-preview:large","max-video-preview":"max-video-preview:-1"},"canonical":"https:\/\/sanitressa.com\/index.php\/nosotros\/","og_locale":"es_ES","og_type":"article","og_title":"Nosotros -","og_description":"\u00bfQui\u00e9nes somos? Sanitres es una empresa familiar de Tres Arroyos dedicada a la comercializaci\u00f3n de materiales\u00a0 de construcci\u00f3n.\u00a0 Naci\u00f3 en 1949 cuando Hernan P\u00e9rez y sus tres hermanos comenzaron a fabricar mosaicos y baldosones en una modesta f\u00e1brica que fueron erigiendo con esfuerzo en la alejada calle\u00a0 Alsina al 500 del Tres Arroyos de los [&hellip;]","og_url":"https:\/\/sanitressa.com\/index.php\/nosotros\/","article_modified_time":"2024-12-02T13:21:40+00:00","twitter_card":"summary_large_image","twitter_misc":{"Tiempo de lectura":"2 minutos"},"schema":{"@context":"https:\/\/schema.org","@graph":[{"@type":"WebPage","@id":"https:\/\/sanitressa.com\/index.php\/nosotros\/","url":"https:\/\/sanitressa.com\/index.php\/nosotros\/","name":"Nosotros -","isPartOf":{"@id":"https:\/\/sanitressa.com\/#website"},"datePublished":"2022-01-12T20:50:04+00:00","dateModified":"2024-12-02T13:21:40+00:00","breadcrumb":{"@id":"https:\/\/sanitressa.com\/index.php\/nosotros\/#breadcrumb"},"inLanguage":"es","potentialAction":[{"@type":"ReadAction","target":["https:\/\/sanitressa.com\/index.php\/nosotros\/"]}]},{"@type":"BreadcrumbList","@id":"https:\/\/sanitressa.com\/index.php\/nosotros\/#breadcrumb","itemListElement":[{"@type":"ListItem","position":1,"name":"Portada","item":"https:\/\/sanitressa.com\/"},{"@type":"ListItem","position":2,"name":"Nosotros"}]},{"@type":"WebSite","@id":"https:\/\/sanitressa.com\/#website","url":"https:\/\/sanitressa.com\/","name":"","description":"","potentialAction":[{"@type":"SearchAction","target":{"@type":"EntryPoint","urlTemplate":"https:\/\/sanitressa.com\/?s={search_term_string}"},"query-input":{"@type":"PropertyValueSpecification","valueRequired":true,"valueName":"search_term_string"}}],"inLanguage":"es"}]}},"_links":{"self":[{"href":"https:\/\/sanitressa.com\/index.php\/wp-json\/wp\/v2\/pages\/709","targetHints":{"allow":["GET"]}}],"collection":[{"href":"https:\/\/sanitressa.com\/index.php\/wp-json\/wp\/v2\/pages"}],"about":[{"href":"https:\/\/sanitressa.com\/index.php\/wp-json\/wp\/v2\/types\/page"}],"author":[{"embeddable":true,"href":"https:\/\/sanitressa.com\/index.php\/wp-json\/wp\/v2\/users\/1"}],"replies":[{"embeddable":true,"href":"https:\/\/sanitressa.com\/index.php\/wp-json\/wp\/v2\/comments?post=709"}],"version-history":[{"count":55,"href":"https:\/\/sanitressa.com\/index.php\/wp-json\/wp\/v2\/pages\/709\/revisions"}],"predecessor-version":[{"id":2475,"href":"https:\/\/sanitressa.com\/index.php\/wp-json\/wp\/v2\/pages\/709\/revisions\/2475"}],"wp:attachment":[{"href":"https:\/\/sanitressa.com\/index.php\/wp-json\/wp\/v2\/media?parent=709"}],"curies":[{"name":"wp","href":"https:\/\/api.w.org\/{rel}","templated":true}]}}